{"id":836,"date":"2020-07-01T01:26:30","date_gmt":"2020-07-01T07:26:30","guid":{"rendered":"https:\/\/www.munitotonicapan.com\/uip\/?page_id=836"},"modified":"2024-01-27T22:02:07","modified_gmt":"2024-01-28T04:02:07","slug":"solicitud-en-linea","status":"publish","type":"page","link":"https:\/\/munitotonicapan.gob.gt\/uip\/solicitud-en-linea\/","title":{"rendered":"Solicitud en L\u00ednea"},"content":{"rendered":"<p>[et_pb_section fb_built=\u00bb1&#8243; _builder_version=\u00bb4.2.2&#8243;][et_pb_row _builder_version=\u00bb4.2.2&#8243;][et_pb_column type=\u00bb4_4&#8243; _builder_version=\u00bb4.2.2&#8243;][et_pb_text _builder_version=\u00bb4.2.2&#8243; text_orientation=\u00bbcenter\u00bb]<\/p>\n<h1>Ley de Libre Acceso a la Informaci\u00f3n P\u00fablica<\/h1>\n<h2>T\u00e9rminos y condiciones del uso del formulario electr\u00f3nico para solicitud de informaci\u00f3n<\/h2>\n<p>[\/et_pb_text][\/et_pb_column][\/et_pb_row][et_pb_row _builder_version=\u00bb4.2.2&#8243;][et_pb_column type=\u00bb4_4&#8243; _builder_version=\u00bb4.2.2&#8243;][et_pb_text _builder_version=\u00bb4.2.2&#8243; text_font=\u00bb|700|||||||\u00bb hover_enabled=\u00bb0&#8243;]<\/p>\n<p>El uso del formulario para la solicitud de informaci\u00f3n de acceso p\u00fablico, queda sujeto al procedimiento para requerir informaci\u00f3n de acuerdo con el Decreto 57-2008, Ley de Acceso a la Informaci\u00f3n P\u00fablica,\u00a0<\/p>\n<p>Para atender su requerimiento\u00a0 se sugiere considerar lo siguiente:<\/p>\n<p>&nbsp;<\/p>\n<p>[\/et_pb_text][et_pb_blurb title=\u00bbArt\u00edculo 41. Solicitud de Informaci\u00f3n\u00bb use_icon=\u00bbon\u00bb font_icon=\u00bb%%45%%\u00bb icon_color=\u00bb#7cda24&#8243; icon_placement=\u00bbleft\u00bb _builder_version=\u00bb4.2.2&#8243; body_ol_font=\u00bb|700|||||||\u00bb hover_enabled=\u00bb0&#8243; content_max_width=\u00bb100%\u00bb]<\/p>\n<p>Todo acceso a la informaci\u00f3n p\u00fablica se realizar\u00e1 a petici\u00f3n del interesado, en la que se consignar\u00e1n los siguientes datos:<\/p>\n<ol>\n<li>Identificaci\u00f3n del sujeto obligado a quien se dirija;<\/li>\n<li>Identificaci\u00f3n del solicitante; y,<\/li>\n<li>Identificaci\u00f3n clara y precisa de la informaci\u00f3n que se solicita.<\/li>\n<\/ol>\n<p>La solicitud de informaci\u00f3n no estar\u00e1 sujeta a ninguna otra formalidad, ni podr\u00e1 exigirse la\u00a0manifestaci\u00f3n de una raz\u00f3n o inter\u00e9s espec\u00edfico como requisito de la misma.<\/p>\n<p>[\/et_pb_blurb][et_pb_blurb title=\u00bbINFORMACI\u00d3N CLARA Y PRECISA\u00bb use_icon=\u00bbon\u00bb font_icon=\u00bb%%45%%\u00bb icon_color=\u00bb#7cda24&#8243; icon_placement=\u00bbleft\u00bb _builder_version=\u00bb4.2.2&#8243; body_ol_font=\u00bb|700|||||||\u00bb hover_enabled=\u00bb0&#8243; content_max_width=\u00bb100%\u00bb]<\/p>\n<p>Para atender adecuadamente su solicitud describa de la forma m\u00e1s clara y completa posible lo requerido<\/p>\n<p>[\/et_pb_blurb][et_pb_blurb title=\u00bbDATOS PERSONALES\u00bb use_icon=\u00bbon\u00bb font_icon=\u00bb%%45%%\u00bb icon_color=\u00bb#7cda24&#8243; icon_placement=\u00bbleft\u00bb _builder_version=\u00bb4.2.2&#8243; body_ol_font=\u00bb|700|||||||\u00bb hover_enabled=\u00bb0&#8243; content_max_width=\u00bb100%\u00bb]<\/p>\n<p>En relaci\u00f3n a los datos personales contenidos en los archivos o sistemas de informaci\u00f3n de la Municipalidad de Totonicap\u00e1n, de acuerdo con lo establecido en el Art\u00edculo 33 de la Ley, <strong>s\u00f3lo los titulares de la informaci\u00f3n o sus representantes legales podr\u00e1n tener acceso a la misma, as\u00ed como a la modificaci\u00f3n, correcci\u00f3n o supresi\u00f3n de la misma.<\/strong><\/p>\n<p>[\/et_pb_blurb][et_pb_blurb title=\u00bbGRATUIDAD\u00bb use_icon=\u00bbon\u00bb font_icon=\u00bb%%45%%\u00bb icon_color=\u00bb#7cda24&#8243; icon_placement=\u00bbleft\u00bb _builder_version=\u00bb4.2.2&#8243; body_ol_font=\u00bb|700|||||||\u00bb hover_enabled=\u00bb0&#8243; content_max_width=\u00bb100%\u00bb]<\/p>\n<p>En atenci\u00f3n al art\u00edculo 18 de la Ley, el acceso a la informaci\u00f3n p\u00fablica ser\u00e1 gratuito, para efectos de an\u00e1lisis y consulta en las oficinas del sujeto obligado. Si el interesado solicita la obtenci\u00f3n de copias, reproducciones escritas o por medios electr\u00f3nicos, se har\u00e1 de conformidad con lo establecido en la presente Ley.<br \/> La consulta de la informaci\u00f3n p\u00fablica se regir\u00e1 por el principio de sencillez y gratuidad. S\u00f3lo se cobrar\u00e1n los gastos de reproducci\u00f3n de la informaci\u00f3n. La reproducci\u00f3n de la informaci\u00f3n habilitar\u00e1 al Estado a realizar el cobro por un monto que en ning\u00fan caso ser\u00e1 superior a los costos del mercado y que no podr\u00e1n exceder los costos necesarios para la reproducci\u00f3n de la informaci\u00f3n.<br \/> Los sujetos obligados deber\u00e1n esforzarse por reducir al m\u00e1ximo los costos de la entrega de informaci\u00f3n, permitiendo la consulta directa de la misma o que el particular entregue los materiales para su reproducci\u00f3n; cuando no se aporten dichos materiales se cobrar\u00e1 el valor de los mismos.<br \/> Lo relativo a certificaciones y copias secretariales, se regular\u00e1 conforme a la Ley del Organismo Judicial.<\/p>\n<p>[\/et_pb_blurb][et_pb_blurb title=\u00bbPLAZO DE RESPUESTA\u00bb use_icon=\u00bbon\u00bb font_icon=\u00bb%%45%%\u00bb icon_color=\u00bb#7cda24&#8243; icon_placement=\u00bbleft\u00bb _builder_version=\u00bb4.2.2&#8243; body_ol_font=\u00bb|700|||||||\u00bb hover_enabled=\u00bb0&#8243; content_max_width=\u00bb100%\u00bb]<\/p>\n<p>El plazo m\u00e1ximo para atender las solicitudes de informaci\u00f3n p\u00fablica o de datos personales es de 10 d\u00edas contando a partir del d\u00eda h\u00e1bil siguiente de ser presentada, salvo que sea notificada la pr\u00f3rroga por 10 d\u00edas m\u00e1s, cuando el volumen y extensi\u00f3n de la respuesta lo justifiquen, seg\u00fan lo establecido en los <strong>Art\u00edculos 42 y 43 de la Ley.<\/strong><\/p>\n<p>[\/et_pb_blurb][et_pb_blurb title=\u00bbHORARIO DE ATENCI\u00d3N\u00bb use_icon=\u00bbon\u00bb font_icon=\u00bb%%45%%\u00bb icon_color=\u00bb#7cda24&#8243; icon_placement=\u00bbleft\u00bb _builder_version=\u00bb4.2.2&#8243; body_ol_font=\u00bb|700|||||||\u00bb hover_enabled=\u00bb0&#8243; content_max_width=\u00bb100%\u00bb]<\/p>\n<p>Aunque el sistema electr\u00f3nico est\u00e1 habilitado las 24 horas,\u00a0 si la solicitud es ingresada despu\u00e9s de las 16:00 horas o en d\u00edas inh\u00e1biles, la fecha de recepci\u00f3n se considerar\u00e1 el d\u00eda h\u00e1bil siguiente.<\/p>\n<p>[\/et_pb_blurb][et_pb_code _builder_version=\u00bb4.2.2&#8243; hover_enabled=\u00bb0&#8243;] <iframe<!-- [et_pb_line_break_holder] -->      id=\u00bbJotFormIFrame-201821399522051&#8243;<!-- [et_pb_line_break_holder] -->      title=\u00bbFormulario para Solicitud de Informaci\u00f3n P\u00fablica\u00bb<!-- [et_pb_line_break_holder] -->      onload=\u00bbwindow.parent.scrollTo(0,0)\u00bb<!-- [et_pb_line_break_holder] -->      allowtransparency=\u00bbtrue\u00bb<!-- [et_pb_line_break_holder] -->      allowfullscreen=\u00bbtrue\u00bb<!-- [et_pb_line_break_holder] -->      allow=\u00bbgeolocation; microphone; camera\u00bb<!-- [et_pb_line_break_holder] -->      src=\u00bbhttps:\/\/form.jotform.com\/201821399522051&#8243;<!-- [et_pb_line_break_holder] -->      frameborder=\u00bb0&#8243;<!-- [et_pb_line_break_holder] -->      style=\u00bb<!-- [et_pb_line_break_holder] -->      min-width: 100%;<!-- [et_pb_line_break_holder] -->      height:539px;<!-- [et_pb_line_break_holder] -->      border:none;\u00bb<!-- [et_pb_line_break_holder] -->      scrolling=\u00bbno\u00bb<!-- [et_pb_line_break_holder] -->    ><!-- [et_pb_line_break_holder] -->    <\/iframe><!-- [et_pb_line_break_holder] -->    <script type=\"text\/javascript\"><!-- [et_pb_line_break_holder] -->      var ifr = document.getElementById(\"JotFormIFrame-201821399522051\");<!-- [et_pb_line_break_holder] -->      if(window.location.href && window.location.href.indexOf(\"?\") > -1) {<!-- [et_pb_line_break_holder] -->        var get = window.location.href.substr(window.location.href.indexOf(\"?\") + 1);<!-- [et_pb_line_break_holder] -->        if(ifr && get.length > 0) {<!-- [et_pb_line_break_holder] -->          var src = ifr.src;<!-- [et_pb_line_break_holder] -->          src = src.indexOf(\"?\") > -1 ? src + \"&\" + get : src  + \"?\" + get;<!-- [et_pb_line_break_holder] -->          ifr.src = src;<!-- [et_pb_line_break_holder] -->        }<!-- [et_pb_line_break_holder] -->      }<!-- [et_pb_line_break_holder] -->      window.handleIFrameMessage = function(e) {<!-- [et_pb_line_break_holder] -->        if (typeof e.data === 'object') { return; }<!-- [et_pb_line_break_holder] -->        var args = e.data.split(\":\");<!-- [et_pb_line_break_holder] -->        if (args.length > 2) { iframe = document.getElementById(\"JotFormIFrame-\" + args[(args.length - 1)]); } else { iframe = document.getElementById(\"JotFormIFrame\"); }<!-- [et_pb_line_break_holder] -->        if (!iframe) { return; }<!-- [et_pb_line_break_holder] -->        switch (args[0]) {<!-- [et_pb_line_break_holder] -->          case \"scrollIntoView\":<!-- [et_pb_line_break_holder] -->            iframe.scrollIntoView();<!-- [et_pb_line_break_holder] -->            break;<!-- [et_pb_line_break_holder] -->          case \"setHeight\":<!-- [et_pb_line_break_holder] -->            iframe.style.height = args[1] + \"px\";<!-- [et_pb_line_break_holder] -->            break;<!-- [et_pb_line_break_holder] -->          case \"collapseErrorPage\":<!-- [et_pb_line_break_holder] -->            if (iframe.clientHeight > window.innerHeight) {<!-- [et_pb_line_break_holder] -->              iframe.style.height = window.innerHeight + \"px\";<!-- [et_pb_line_break_holder] -->            }<!-- [et_pb_line_break_holder] -->            break;<!-- [et_pb_line_break_holder] -->          case \"reloadPage\":<!-- [et_pb_line_break_holder] -->            window.location.reload();<!-- [et_pb_line_break_holder] -->            break;<!-- [et_pb_line_break_holder] -->          case \"loadScript\":<!-- [et_pb_line_break_holder] -->            var src = args[1];<!-- [et_pb_line_break_holder] -->            if (args.length > 3) {<!-- [et_pb_line_break_holder] -->                src = args[1] + ':' + args[2];<!-- [et_pb_line_break_holder] -->            }<!-- [et_pb_line_break_holder] -->            var script = document.createElement('script');<!-- [et_pb_line_break_holder] -->            script.src = src;<!-- [et_pb_line_break_holder] -->            script.type = 'text\/javascript';<!-- [et_pb_line_break_holder] -->            document.body.appendChild(script);<!-- [et_pb_line_break_holder] -->            break;<!-- [et_pb_line_break_holder] -->          case \"exitFullscreen\":<!-- [et_pb_line_break_holder] -->            if      (window.document.exitFullscreen)        window.document.exitFullscreen();<!-- [et_pb_line_break_holder] -->            else if (window.document.mozCancelFullScreen)   window.document.mozCancelFullScreen();<!-- [et_pb_line_break_holder] -->            else if (window.document.mozCancelFullscreen)   window.document.mozCancelFullScreen();<!-- [et_pb_line_break_holder] -->            else if (window.document.webkitExitFullscreen)  window.document.webkitExitFullscreen();<!-- [et_pb_line_break_holder] -->            else if (window.document.msExitFullscreen)      window.document.msExitFullscreen();<!-- [et_pb_line_break_holder] -->            break;<!-- [et_pb_line_break_holder] -->        }<!-- [et_pb_line_break_holder] -->        var isJotForm = (e.origin.indexOf(\"jotform\") > -1) ? true : false;<!-- [et_pb_line_break_holder] -->        if(isJotForm && \"contentWindow\" in iframe && \"postMessage\" in iframe.contentWindow) {<!-- [et_pb_line_break_holder] -->          var urls = {\"docurl\":encodeURIComponent(document.URL),\"referrer\":encodeURIComponent(document.referrer)};<!-- [et_pb_line_break_holder] -->          iframe.contentWindow.postMessage(JSON.stringify({\"type\":\"urls\",\"value\":urls}), \"*\");<!-- [et_pb_line_break_holder] -->        }<!-- [et_pb_line_break_holder] -->      };<!-- [et_pb_line_break_holder] -->      if (window.addEventListener) {<!-- [et_pb_line_break_holder] -->        window.addEventListener(\"message\", handleIFrameMessage, false);<!-- [et_pb_line_break_holder] -->      } else if (window.attachEvent) {<!-- [et_pb_line_break_holder] -->        window.attachEvent(\"onmessage\", handleIFrameMessage);<!-- [et_pb_line_break_holder] -->      }<!-- [et_pb_line_break_holder] -->      <\/script>[\/et_pb_code][\/et_pb_column][\/et_pb_row][et_pb_row column_structure=\u00bb1_3,1_3,1_3&#8243; _builder_version=\u00bb4.2.2&#8243;][et_pb_column type=\u00bb1_3&#8243; _builder_version=\u00bb4.2.2&#8243;][\/et_pb_column][et_pb_column type=\u00bb1_3&#8243; _builder_version=\u00bb4.2.2&#8243;][et_pb_blurb title=\u00bbUIP (UNIDAD DE ACCESO A LA INFORMACI\u00d3N P\u00daBLICA\u00bb use_icon=\u00bbon\u00bb font_icon=\u00bb%%102%%\u00bb _builder_version=\u00bb4.2.2&#8243; header_font=\u00bb|700|||||||\u00bb header_text_align=\u00bbcenter\u00bb text_orientation=\u00bbcenter\u00bb]<\/p>\n<h4>informacionpublica@munitotonicapan.com<\/h4>\n<p>[\/et_pb_blurb][\/et_pb_column][et_pb_column type=\u00bb1_3&#8243; _builder_version=\u00bb4.2.2&#8243;][\/et_pb_column][\/et_pb_row][\/et_pb_section]<\/p>\n","protected":false},"excerpt":{"rendered":"<p>Ley de Libre Acceso a la Informaci\u00f3n P\u00fablica T\u00e9rminos y condiciones del uso del formulario electr\u00f3nico para solicitud de informaci\u00f3nEl uso del formulario para la solicitud de informaci\u00f3n de acceso p\u00fablico, queda sujeto al procedimiento para requerir informaci\u00f3n de acuerdo con el Decreto 57-2008, Ley de Acceso a la Informaci\u00f3n P\u00fablica,\u00a0 Para atender su requerimiento\u00a0 [&hellip;]<\/p>\n","protected":false},"author":3,"featured_media":0,"parent":0,"menu_order":0,"comment_status":"closed","ping_status":"closed","template":"","meta":{"_et_pb_use_builder":"on","_et_pb_old_content":"","_et_gb_content_width":"","footnotes":""},"class_list":["post-836","page","type-page","status-publish","hentry"],"_links":{"self":[{"href":"https:\/\/munitotonicapan.gob.gt\/uip\/wp-json\/wp\/v2\/pages\/836","targetHints":{"allow":["GET"]}}],"collection":[{"href":"https:\/\/munitotonicapan.gob.gt\/uip\/wp-json\/wp\/v2\/pages"}],"about":[{"href":"https:\/\/munitotonicapan.gob.gt\/uip\/wp-json\/wp\/v2\/types\/page"}],"author":[{"embeddable":true,"href":"https:\/\/munitotonicapan.gob.gt\/uip\/wp-json\/wp\/v2\/users\/3"}],"replies":[{"embeddable":true,"href":"https:\/\/munitotonicapan.gob.gt\/uip\/wp-json\/wp\/v2\/comments?post=836"}],"version-history":[{"count":6,"href":"https:\/\/munitotonicapan.gob.gt\/uip\/wp-json\/wp\/v2\/pages\/836\/revisions"}],"predecessor-version":[{"id":5236,"href":"https:\/\/munitotonicapan.gob.gt\/uip\/wp-json\/wp\/v2\/pages\/836\/revisions\/5236"}],"wp:attachment":[{"href":"https:\/\/munitotonicapan.gob.gt\/uip\/wp-json\/wp\/v2\/media?parent=836"}],"curies":[{"name":"wp","href":"https:\/\/api.w.org\/{rel}","templated":true}]}}